{"id":1115,"date":"2024-02-07T18:13:31","date_gmt":"2024-02-07T21:13:31","guid":{"rendered":"https:\/\/saopaulostopover.com.br\/?page_id=1115"},"modified":"2024-10-24T23:58:07","modified_gmt":"2024-10-25T02:58:07","slug":"the-city-of-sao-paulo","status":"publish","type":"page","link":"https:\/\/saopaulostopover.com.br\/index.php\/sao-paulo-tourist-attractions\/the-city-of-sao-paulo\/","title":{"rendered":"SAO PAULO HISTORY"},"content":{"rendered":"\n<p class=\"has-medium-font-size\"><strong>THE BEGINNING<\/strong><br><strong>The history of S\u00e3o Paulo begins with the arrival of the Portuguese in Brazil<\/strong>. The colonization and occupation of the territory of what is now the State of S\u00e3o Paulo begins in 1532 with the founding of <em>S\u00e3o Vicente Village<\/em>, a region of the current city of <em>Santos<\/em>, on the coast.<br><strong>With the aim of catechizing the indigenous population<\/strong> in Brazilian lands, in 1554, the Jesuit mission led by <em>Manuel da N\u00f3brega<\/em> and <em>Jos\u00e9 de Anchieta<\/em>, left <em>S\u00e3o Vicente Village<\/em> towards the plateau. After facing the climb of mountain range called <em>Serra do Mar<\/em>, they arrive at a place known as <strong>Piratininga<\/strong> and decide to settle on a hill bordered by two valleys where the <em>Tamanduate\u00ed<\/em> and <em>Anhangaba\u00fa<\/em> rivers flow.<br>And in this place of safe topography, they founded the <em>P\u00e1teo do Col\u00e9gio<\/em>, where the first mass was held on January 25, 1554, the same date that the <em>Apostle Paul<\/em> converted to Christianity. That&#8217;s why the mass is dedicated to him and the name &#8220;Sao Paulo&#8221; is chosen as a tribute to represent the place that is now called &#8220;<strong>S\u00e3o Paulo de Piratininga<\/strong>&#8220;.<\/p>\n\n\n<div class=\"wp-block-image\">\n<figure class=\"aligncenter size-full is-resized\"><img loading=\"lazy\" decoding=\"async\" width=\"1024\" height=\"559\" src=\"https:\/\/saopaulostopover.com.br\/wp-content\/uploads\/2024\/02\/SPS-QUADRO-FUNDACAO-DA-CIDADE-DE-SAO-PAULO-WIKIMCC.jpg\" alt=\"\" class=\"wp-image-1119\" style=\"aspect-ratio:1.8318425760286225;width:612px;height:auto\" srcset=\"https:\/\/saopaulostopover.com.br\/wp-content\/uploads\/2024\/02\/SPS-QUADRO-FUNDACAO-DA-CIDADE-DE-SAO-PAULO-WIKIMCC.jpg 1024w, https:\/\/saopaulostopover.com.br\/wp-content\/uploads\/2024\/02\/SPS-QUADRO-FUNDACAO-DA-CIDADE-DE-SAO-PAULO-WIKIMCC-300x164.jpg 300w, https:\/\/saopaulostopover.com.br\/wp-content\/uploads\/2024\/02\/SPS-QUADRO-FUNDACAO-DA-CIDADE-DE-SAO-PAULO-WIKIMCC-768x419.jpg 768w\" sizes=\"auto, (max-width: 1024px) 100vw, 1024px\" \/><figcaption class=\"wp-element-caption\">Painting: <em>Funda\u00e7\u00e3o da Cidade de S\u00e3o Paulo<\/em>, 1909 &#8211; Oscar Pereira da Silva<\/figcaption><\/figure><\/div>\n\n\n<p class=\"has-medium-font-size\"><strong>THE DISCOVERY OF GOLD<\/strong><br>However, the region made up of what are today the States of <em>S\u00e3o Paulo<\/em> and <em>Minas Gerais<\/em>, did not produce wealth or possess extractive goods and was the poorest territory in the Portuguese colony in America. Far from the capital of the colony, which was the city of <em>Salvador<\/em>, its development took place slowly. Until the mid-1690s, <strong>the first gold mines began to be found<\/strong> in the region of <em>Minas Gerais<\/em>, a neighboring state of Sao Paulo. This fact caused the attention of the kingdom of Portugal to turn to the region. In 1711, <strong>S\u00e3o Paulo<\/strong> was elevated to the category of &#8220;city&#8221;.<br>With the end of the gold cycle in the 18th century, <strong>sugar cane cultivation<\/strong> gained prominence in the following years.<\/p>\n\n\n\n<p class=\"has-medium-font-size\"><strong>RISE AND FALL OF THE BRAZIL EMPIRE<\/strong><br>In the geopolitical field, many events took place in the 19th century. On September 7, 1822, <strong>Brazil&#8217;s independence from Portugal<\/strong> was declared by <em>Dom Pedro I<\/em>, on the banks of the <em>Ipiranga River<\/em> in <strong>Sao Paulo<\/strong>. Since then, the period of Imperial Brazil has been established, whose capital is the city of <em>Rio de Janeiro<\/em>. <em>Dom Pedro I<\/em> is titled the first emperor of Brazil and is later succeeded by <em>Dom Pedro II<\/em>.<br>Around the 1870s, the monarchy was being questioned by various groups in society, mainly the military. If before the province of <strong>Sao Paulo<\/strong> had little political importance in the Brazilian scenario, with the clear expansion and growth due to the planting and commercialization of coffee, <strong>Sao Paulo<\/strong> now claims greater political representation. In this scenario, groups from Sao Paulo began to encourage and strengthen the idea of Brazil as a Republic.<br>The republican movement grows throughout the country and with the support of the military,<br><strong>The Proclamation of the Republic<\/strong> took place on November 15, 1889, in <em>Rio de Janeiro<\/em>, the country&#8217;s capital. It is the end of the Brazilian Empire.<\/p>\n\n\n\n<p class=\"has-medium-font-size\"><strong>SAO PAULO GROWS WITH THE COFFEE CYCLE<\/strong><br>In the economic field, the 19th century was promising. Around 1825, the first coffee plantations appeared in the <em>Para\u00edba River Valley<\/em>. Due to the climate and soil conditions, <strong>coffee agriculture<\/strong> <strong>is expanding<\/strong> throughout the region that covers the states of Sao Paulo, Minas Gerais and Rio de Janeiro. It is the beginning of great population and economic growth in the State of Sao Paulo.<br>In 1860, Brazil accounted for 60% of world coffee production.<br>The following years were very successful in coffee farming and made the State of <strong>Sao Paulo<\/strong> one of the richest in Brazil. With the ban on the use of slave labor in 1888 in Brazil, the arrival of <strong>immigrants<\/strong>, mainly Italians and Japanese, to work in the coffee plantations increased.<br>At the end of the 19th century, in order to transport production, <strong>several railways emerged<\/strong> that connected the interior of the state to the capital S\u00e3o Paulo. The production and export of coffee made <strong>the city of Sao Paulo <\/strong>the point of convergence, and it is in this context that <em>Luz Station<\/em> and <em><a href=\"https:\/\/saopaulostopover.com.br\/index.php\/2024\/01\/10\/sala-sao-paulo-estacao-julio-prestes\/\">Julio Prestes Station<\/a><\/em> emerged. The city developed and reached its peak with the construction of <a href=\"https:\/\/saopaulostopover.com.br\/index.php\/2023\/11\/22\/paulista-avenue\/\">Paulista Avenue<\/a> in 1900, a location chosen by the main coffee producers to build their mansions.<\/p>\n\n\n\n<figure class=\"wp-block-gallery has-nested-images columns-default is-cropped wp-block-gallery-1 is-layout-flex wp-block-gallery-is-layout-flex\">\n<figure class=\"wp-block-image size-large\"><img loading=\"lazy\" decoding=\"async\" width=\"990\" height=\"768\" data-id=\"1122\" src=\"https:\/\/saopaulostopover.com.br\/wp-content\/uploads\/2024\/02\/SPS-Avenida_Paulista_1902-WIKIMCC.jpg\" alt=\"\" class=\"wp-image-1122\" srcset=\"https:\/\/saopaulostopover.com.br\/wp-content\/uploads\/2024\/02\/SPS-Avenida_Paulista_1902-WIKIMCC.jpg 990w, https:\/\/saopaulostopover.com.br\/wp-content\/uploads\/2024\/02\/SPS-Avenida_Paulista_1902-WIKIMCC-300x233.jpg 300w, https:\/\/saopaulostopover.com.br\/wp-content\/uploads\/2024\/02\/SPS-Avenida_Paulista_1902-WIKIMCC-768x596.jpg 768w\" sizes=\"auto, (max-width: 990px) 100vw, 990px\" \/><figcaption class=\"wp-element-caption\">Paulista Avenue, 1902<\/figcaption><\/figure>\n\n\n\n<figure class=\"wp-block-image size-large\"><img loading=\"lazy\" decoding=\"async\" width=\"800\" height=\"564\" data-id=\"1121\" src=\"https:\/\/saopaulostopover.com.br\/wp-content\/uploads\/2024\/02\/SPS-Guilherme_Gaensly_-_Estacao_da_Luz_1900-WIKIMCC.jpg\" alt=\"\" class=\"wp-image-1121\" srcset=\"https:\/\/saopaulostopover.com.br\/wp-content\/uploads\/2024\/02\/SPS-Guilherme_Gaensly_-_Estacao_da_Luz_1900-WIKIMCC.jpg 800w, https:\/\/saopaulostopover.com.br\/wp-content\/uploads\/2024\/02\/SPS-Guilherme_Gaensly_-_Estacao_da_Luz_1900-WIKIMCC-300x212.jpg 300w, https:\/\/saopaulostopover.com.br\/wp-content\/uploads\/2024\/02\/SPS-Guilherme_Gaensly_-_Estacao_da_Luz_1900-WIKIMCC-768x541.jpg 768w\" sizes=\"auto, (max-width: 800px) 100vw, 800px\" \/><figcaption class=\"wp-element-caption\">Luz Station, 1900<\/figcaption><\/figure>\n<\/figure>\n\n\n\n<p class=\"has-medium-font-size\"><strong>GROWTH OF INDUSTRIALIZATION<\/strong><br>In 1872, a textile factory was the first industry in the city of S\u00e3o Paulo to be founded. 20 years later, around 50 factories from various sectors such as textiles, consumer goods and basic industry were present in the city, the majority located in the <em>Br\u00e1s<\/em> neighborhood.<br>With the occurrence of the <strong>First World War <\/strong>(1914-1918), the arrival of products from other countries became more difficult, this ended up being a factor that contributed to encouraging internal industrialization. From 1920 onwards, the farms on the outskirts of the city center gave way to new residential neighborhoods and the urban area expanded.<br><strong>The stock market crash of 1929<\/strong> further enhanced the development of industrialization. Coffee production loses its export market and the product becomes devalued. <strong>Many coffee producers began to invest their accumulated wealth in diversified industries<\/strong>. They also ended up absorbing the labor of <strong>immigrants<\/strong>, who previously worked in agriculture, as most immigrants of European origin already had industrial experience, as Europe had already gone through the industrialization process.<br>During this period, according to IBGE data, the population increased from 30,000 inhabitants in 1872 to 570,000 inhabitants in 1920, a very significant growth.<\/p>\n\n\n\n<p class=\"has-medium-font-size\"><strong>THE DEVELOPMENT OF THE METROPOLIS<\/strong><br>With the growth and concentration of several <strong>industries<\/strong> in the city, a <strong>favorable scenario was created for the expansion of commercial activities and also the services sector<\/strong>. With <strong>job opportunities<\/strong> in various areas such as industry, commerce and services, the migratory flow from various regions of the country towards the city of Sao Paulo intensifies.<br>Thus, the 1960 census makes the city of S\u00e3o Paulo official as the largest and richest in the country with around 3.8 million inhabitants. As a consequence of rapid growth, the city expands in a disorderly manner.<br>In 1980, the population was around 8.5 million inhabitants.<br>The following decades still saw the city&#8217;s population grow, but at a slower pace. If previously industries employed a large part of the population, in the 2000s the workforce is concentrated in the <strong>services sector<\/strong>, such as technology, IT, communication.<br>The 2022 census shows the city&#8217;s population at around 11.5 million inhabitants, the fifth largest in the world. If we consider the capital plus the municipalities that make up the metropolitan region, we reach 21 million inhabitants, we are talking about the seventh largest metropolis in the world.<\/p>\n\n\n\n<p class=\"has-medium-font-size\"><strong>CONTEMPORARY SAO PAULO<\/strong><\/p>\n\n\n\n<p class=\"has-medium-font-size\">The city today has an economy that is mostly concentrated in the <strong>service sector<\/strong>. And in recent years he has ended up specializing in more complex and competitive activities, which require the most qualified use of new technologies, linked to information technology and communication.<br><strong>It&#8217;s in Sao Paulo where everything happens<\/strong>. Where new ideas emerge, where information is concentrated, where the most modern buildings are, where the people are. It&#8217;s where startups are, the headquarters of the main national and multinational companies, the headquarters of large banks, and the headquarters of important law firms. <strong>All of this makes it a city with a strong economy and the country&#8217;s financial center.<\/strong><br>S\u00e3o Paulo is today a modern, globalized metropolis and even with all the pros mentioned above it is still a <strong>complex city<\/strong>: at the same time as it is the financial capital of the country, it has its challenges in the social area with the issue of housing and security due to example.<\/p>\n\n\n\n<figure class=\"wp-block-image size-large\"><img loading=\"lazy\" decoding=\"async\" width=\"1024\" height=\"445\" src=\"https:\/\/saopaulostopover.com.br\/wp-content\/uploads\/2024\/02\/SPS-FARIA-LIMA-iStock-diegograndi-1024x445.jpg\" alt=\"\" class=\"wp-image-1124\" srcset=\"https:\/\/saopaulostopover.com.br\/wp-content\/uploads\/2024\/02\/SPS-FARIA-LIMA-iStock-diegograndi-1024x445.jpg 1024w, https:\/\/saopaulostopover.com.br\/wp-content\/uploads\/2024\/02\/SPS-FARIA-LIMA-iStock-diegograndi-300x130.jpg 300w, https:\/\/saopaulostopover.com.br\/wp-content\/uploads\/2024\/02\/SPS-FARIA-LIMA-iStock-diegograndi-768x334.jpg 768w, https:\/\/saopaulostopover.com.br\/wp-content\/uploads\/2024\/02\/SPS-FARIA-LIMA-iStock-diegograndi-1536x667.jpg 1536w, https:\/\/saopaulostopover.com.br\/wp-content\/uploads\/2024\/02\/SPS-FARIA-LIMA-iStock-diegograndi.jpg 1554w\" sizes=\"auto, (max-width: 1024px) 100vw, 1024px\" \/><figcaption class=\"wp-element-caption\">Panoramic view of Builidings at Faria Lima Avenue in Sao Paulo financial district &#8211; Sao Paulo, Brazil<\/figcaption><\/figure>\n\n\n\n<p>Source:<\/p>\n\n\n\n<p><a href=\"https:\/\/pt.wikipedia.org\/wiki\/S%C3%A3o_Paulo\">https:\/\/pt.wikipedia.org\/wiki\/S%C3%A3o_Paulo<\/a><\/p>\n\n\n\n<p><a href=\"https:\/\/exame.com\/economia\/a-metropole-improvavel-por-que-sao-paulo-virou-a-maior-cidade-do-brasil\/\">https:\/\/exame.com\/economia\/a-metropole-improvavel-por-que-sao-paulo-virou-a-maior-cidade-do-brasil\/<\/a><\/p>\n\n\n\n<p><a href=\"https:\/\/pt.wikipedia.org\/wiki\/Predefini%C3%A7%C3%A3o:Evolu%C3%A7%C3%A3o_populacional_do_munic%C3%ADpio_de_S%C3%A3o_Paulo\">https:\/\/pt.wikipedia.org\/wiki\/Predefini%C3%A7%C3%A3o:Evolu%C3%A7%C3%A3o_populacional_do_munic%C3%ADpio_de_S%C3%A3o_Paulo<\/a><\/p>\n\n\n\n<p><a href=\"https:\/\/educacao.uol.com.br\/disciplinas\/geografia\/concentracao-e-desconcentracao-industrial-sao-paulo-e-centro-industrial-do-pais.htm\">https:\/\/educacao.uol.com.br\/disciplinas\/geografia\/concentracao-e-desconcentracao-industrial-sao-paulo-e-centro-industrial-do-pais.htm<\/a>&nbsp;<br><a href=\"https:\/\/www.prefeitura.sp.gov.br\/cidade\/secretarias\/upload\/50_Trabalho_2019.pdf\">https:\/\/www.prefeitura.sp.gov.br\/cidade\/secretarias\/upload\/50_Trabalho_2019.pdf<\/a><\/p>\n","protected":false},"excerpt":{"rendered":"<p>THE BEGINNINGThe history of S\u00e3o Paulo begins with the arrival of the Portuguese in Brazil&#8230;.<\/p>\n","protected":false},"author":1,"featured_media":0,"parent":351,"menu_order":0,"comment_status":"closed","ping_status":"closed","template":"","meta":{"footnotes":""},"class_list":["post-1115","page","type-page","status-publish","hentry"],"yoast_head":"<!-- This site is optimized with the Yoast SEO plugin v22.4 - https:\/\/yoast.com\/wordpress\/plugins\/seo\/ -->\n<title>SAO PAULO HISTORY - Sao Paulo Stopover<\/title>\n<meta name=\"description\" content=\"The history of the city of S\u00e3o Paulo begins with the catechization of the indigenous population by Portuguese Jesuits.\" \/>\n<meta name=\"robots\" content=\"index, follow, max-snippet:-1, max-image-preview:large, max-video-preview:-1\" \/>\n<link rel=\"canonical\" href=\"https:\/\/saopaulostopover.com.br\/index.php\/sao-paulo-tourist-attractions\/the-city-of-sao-paulo\/\" \/>\n<meta property=\"og:locale\" content=\"en_US\" \/>\n<meta property=\"og:type\" content=\"article\" \/>\n<meta property=\"og:title\" content=\"SAO PAULO HISTORY - Sao Paulo Stopover\" \/>\n<meta property=\"og:description\" content=\"The history of the city of S\u00e3o Paulo begins with the catechization of the indigenous population by Portuguese Jesuits.\" \/>\n<meta property=\"og:url\" content=\"https:\/\/saopaulostopover.com.br\/index.php\/sao-paulo-tourist-attractions\/the-city-of-sao-paulo\/\" \/>\n<meta property=\"og:site_name\" content=\"Sao Paulo Stopover\" \/>\n<meta property=\"article:modified_time\" content=\"2024-10-25T02:58:07+00:00\" \/>\n<meta property=\"og:image\" content=\"https:\/\/saopaulostopover.com.br\/wp-content\/uploads\/2024\/02\/SPS-QUADRO-FUNDACAO-DA-CIDADE-DE-SAO-PAULO-WIKIMCC.jpg\" \/>\n<meta name=\"twitter:card\" content=\"summary_large_image\" \/>\n<meta name=\"twitter:label1\" content=\"Est. reading time\" \/>\n\t<meta name=\"twitter:data1\" content=\"7 minutes\" \/>\n<script type=\"application\/ld+json\" class=\"yoast-schema-graph\">{\"@context\":\"https:\/\/schema.org\",\"@graph\":[{\"@type\":\"WebPage\",\"@id\":\"https:\/\/saopaulostopover.com.br\/index.php\/sao-paulo-tourist-attractions\/the-city-of-sao-paulo\/\",\"url\":\"https:\/\/saopaulostopover.com.br\/index.php\/sao-paulo-tourist-attractions\/the-city-of-sao-paulo\/\",\"name\":\"SAO PAULO HISTORY - Sao Paulo Stopover\",\"isPartOf\":{\"@id\":\"https:\/\/saopaulostopover.com.br\/#website\"},\"primaryImageOfPage\":{\"@id\":\"https:\/\/saopaulostopover.com.br\/index.php\/sao-paulo-tourist-attractions\/the-city-of-sao-paulo\/#primaryimage\"},\"image\":{\"@id\":\"https:\/\/saopaulostopover.com.br\/index.php\/sao-paulo-tourist-attractions\/the-city-of-sao-paulo\/#primaryimage\"},\"thumbnailUrl\":\"https:\/\/saopaulostopover.com.br\/wp-content\/uploads\/2024\/02\/SPS-QUADRO-FUNDACAO-DA-CIDADE-DE-SAO-PAULO-WIKIMCC.jpg\",\"datePublished\":\"2024-02-07T21:13:31+00:00\",\"dateModified\":\"2024-10-25T02:58:07+00:00\",\"description\":\"The history of the city of S\u00e3o Paulo begins with the catechization of the indigenous population by Portuguese Jesuits.\",\"breadcrumb\":{\"@id\":\"https:\/\/saopaulostopover.com.br\/index.php\/sao-paulo-tourist-attractions\/the-city-of-sao-paulo\/#breadcrumb\"},\"inLanguage\":\"en-US\",\"potentialAction\":[{\"@type\":\"ReadAction\",\"target\":[\"https:\/\/saopaulostopover.com.br\/index.php\/sao-paulo-tourist-attractions\/the-city-of-sao-paulo\/\"]}]},{\"@type\":\"ImageObject\",\"inLanguage\":\"en-US\",\"@id\":\"https:\/\/saopaulostopover.com.br\/index.php\/sao-paulo-tourist-attractions\/the-city-of-sao-paulo\/#primaryimage\",\"url\":\"https:\/\/saopaulostopover.com.br\/wp-content\/uploads\/2024\/02\/SPS-QUADRO-FUNDACAO-DA-CIDADE-DE-SAO-PAULO-WIKIMCC.jpg\",\"contentUrl\":\"https:\/\/saopaulostopover.com.br\/wp-content\/uploads\/2024\/02\/SPS-QUADRO-FUNDACAO-DA-CIDADE-DE-SAO-PAULO-WIKIMCC.jpg\",\"width\":1024,\"height\":559},{\"@type\":\"BreadcrumbList\",\"@id\":\"https:\/\/saopaulostopover.com.br\/index.php\/sao-paulo-tourist-attractions\/the-city-of-sao-paulo\/#breadcrumb\",\"itemListElement\":[{\"@type\":\"ListItem\",\"position\":1,\"name\":\"In\u00edcio\",\"item\":\"https:\/\/saopaulostopover.com.br\/\"},{\"@type\":\"ListItem\",\"position\":2,\"name\":\"THE CITY\",\"item\":\"https:\/\/saopaulostopover.com.br\/\"},{\"@type\":\"ListItem\",\"position\":3,\"name\":\"SAO PAULO HISTORY\"}]},{\"@type\":\"WebSite\",\"@id\":\"https:\/\/saopaulostopover.com.br\/#website\",\"url\":\"https:\/\/saopaulostopover.com.br\/\",\"name\":\"Sao Paulo Stopover\",\"description\":\".................  Welcome to the largest city in South America | Sao Paulo - Brazil  .....................\",\"publisher\":{\"@id\":\"https:\/\/saopaulostopover.com.br\/#organization\"},\"potentialAction\":[{\"@type\":\"SearchAction\",\"target\":{\"@type\":\"EntryPoint\",\"urlTemplate\":\"https:\/\/saopaulostopover.com.br\/?s={search_term_string}\"},\"query-input\":\"required name=search_term_string\"}],\"inLanguage\":\"en-US\"},{\"@type\":\"Organization\",\"@id\":\"https:\/\/saopaulostopover.com.br\/#organization\",\"name\":\"Sao Paulo Stopover\",\"url\":\"https:\/\/saopaulostopover.com.br\/\",\"logo\":{\"@type\":\"ImageObject\",\"inLanguage\":\"en-US\",\"@id\":\"https:\/\/saopaulostopover.com.br\/#\/schema\/logo\/image\/\",\"url\":\"https:\/\/saopaulostopover.com.br\/wp-content\/uploads\/2023\/10\/cropped-cropped-cropped-cropped-cropped-cropped-cropped-cropped-cropped-LOGO-SAOPAULOSTOPOVER-op4-e1700191345649.jpg\",\"contentUrl\":\"https:\/\/saopaulostopover.com.br\/wp-content\/uploads\/2023\/10\/cropped-cropped-cropped-cropped-cropped-cropped-cropped-cropped-cropped-LOGO-SAOPAULOSTOPOVER-op4-e1700191345649.jpg\",\"width\":507,\"height\":507,\"caption\":\"Sao Paulo Stopover\"},\"image\":{\"@id\":\"https:\/\/saopaulostopover.com.br\/#\/schema\/logo\/image\/\"}}]}<\/script>\n<!-- \/ Yoast SEO plugin. -->","yoast_head_json":{"title":"SAO PAULO HISTORY - Sao Paulo Stopover","description":"The history of the city of S\u00e3o Paulo begins with the catechization of the indigenous population by Portuguese Jesuits.","robots":{"index":"index","follow":"follow","max-snippet":"max-snippet:-1","max-image-preview":"max-image-preview:large","max-video-preview":"max-video-preview:-1"},"canonical":"https:\/\/saopaulostopover.com.br\/index.php\/sao-paulo-tourist-attractions\/the-city-of-sao-paulo\/","og_locale":"en_US","og_type":"article","og_title":"SAO PAULO HISTORY - Sao Paulo Stopover","og_description":"The history of the city of S\u00e3o Paulo begins with the catechization of the indigenous population by Portuguese Jesuits.","og_url":"https:\/\/saopaulostopover.com.br\/index.php\/sao-paulo-tourist-attractions\/the-city-of-sao-paulo\/","og_site_name":"Sao Paulo Stopover","article_modified_time":"2024-10-25T02:58:07+00:00","og_image":[{"url":"https:\/\/saopaulostopover.com.br\/wp-content\/uploads\/2024\/02\/SPS-QUADRO-FUNDACAO-DA-CIDADE-DE-SAO-PAULO-WIKIMCC.jpg"}],"twitter_card":"summary_large_image","twitter_misc":{"Est. reading time":"7 minutes"},"schema":{"@context":"https:\/\/schema.org","@graph":[{"@type":"WebPage","@id":"https:\/\/saopaulostopover.com.br\/index.php\/sao-paulo-tourist-attractions\/the-city-of-sao-paulo\/","url":"https:\/\/saopaulostopover.com.br\/index.php\/sao-paulo-tourist-attractions\/the-city-of-sao-paulo\/","name":"SAO PAULO HISTORY - Sao Paulo Stopover","isPartOf":{"@id":"https:\/\/saopaulostopover.com.br\/#website"},"primaryImageOfPage":{"@id":"https:\/\/saopaulostopover.com.br\/index.php\/sao-paulo-tourist-attractions\/the-city-of-sao-paulo\/#primaryimage"},"image":{"@id":"https:\/\/saopaulostopover.com.br\/index.php\/sao-paulo-tourist-attractions\/the-city-of-sao-paulo\/#primaryimage"},"thumbnailUrl":"https:\/\/saopaulostopover.com.br\/wp-content\/uploads\/2024\/02\/SPS-QUADRO-FUNDACAO-DA-CIDADE-DE-SAO-PAULO-WIKIMCC.jpg","datePublished":"2024-02-07T21:13:31+00:00","dateModified":"2024-10-25T02:58:07+00:00","description":"The history of the city of S\u00e3o Paulo begins with the catechization of the indigenous population by Portuguese Jesuits.","breadcrumb":{"@id":"https:\/\/saopaulostopover.com.br\/index.php\/sao-paulo-tourist-attractions\/the-city-of-sao-paulo\/#breadcrumb"},"inLanguage":"en-US","potentialAction":[{"@type":"ReadAction","target":["https:\/\/saopaulostopover.com.br\/index.php\/sao-paulo-tourist-attractions\/the-city-of-sao-paulo\/"]}]},{"@type":"ImageObject","inLanguage":"en-US","@id":"https:\/\/saopaulostopover.com.br\/index.php\/sao-paulo-tourist-attractions\/the-city-of-sao-paulo\/#primaryimage","url":"https:\/\/saopaulostopover.com.br\/wp-content\/uploads\/2024\/02\/SPS-QUADRO-FUNDACAO-DA-CIDADE-DE-SAO-PAULO-WIKIMCC.jpg","contentUrl":"https:\/\/saopaulostopover.com.br\/wp-content\/uploads\/2024\/02\/SPS-QUADRO-FUNDACAO-DA-CIDADE-DE-SAO-PAULO-WIKIMCC.jpg","width":1024,"height":559},{"@type":"BreadcrumbList","@id":"https:\/\/saopaulostopover.com.br\/index.php\/sao-paulo-tourist-attractions\/the-city-of-sao-paulo\/#breadcrumb","itemListElement":[{"@type":"ListItem","position":1,"name":"In\u00edcio","item":"https:\/\/saopaulostopover.com.br\/"},{"@type":"ListItem","position":2,"name":"THE CITY","item":"https:\/\/saopaulostopover.com.br\/"},{"@type":"ListItem","position":3,"name":"SAO PAULO HISTORY"}]},{"@type":"WebSite","@id":"https:\/\/saopaulostopover.com.br\/#website","url":"https:\/\/saopaulostopover.com.br\/","name":"Sao Paulo Stopover","description":".................  Welcome to the largest city in South America | Sao Paulo - Brazil  .....................","publisher":{"@id":"https:\/\/saopaulostopover.com.br\/#organization"},"potentialAction":[{"@type":"SearchAction","target":{"@type":"EntryPoint","urlTemplate":"https:\/\/saopaulostopover.com.br\/?s={search_term_string}"},"query-input":"required name=search_term_string"}],"inLanguage":"en-US"},{"@type":"Organization","@id":"https:\/\/saopaulostopover.com.br\/#organization","name":"Sao Paulo Stopover","url":"https:\/\/saopaulostopover.com.br\/","logo":{"@type":"ImageObject","inLanguage":"en-US","@id":"https:\/\/saopaulostopover.com.br\/#\/schema\/logo\/image\/","url":"https:\/\/saopaulostopover.com.br\/wp-content\/uploads\/2023\/10\/cropped-cropped-cropped-cropped-cropped-cropped-cropped-cropped-cropped-LOGO-SAOPAULOSTOPOVER-op4-e1700191345649.jpg","contentUrl":"https:\/\/saopaulostopover.com.br\/wp-content\/uploads\/2023\/10\/cropped-cropped-cropped-cropped-cropped-cropped-cropped-cropped-cropped-LOGO-SAOPAULOSTOPOVER-op4-e1700191345649.jpg","width":507,"height":507,"caption":"Sao Paulo Stopover"},"image":{"@id":"https:\/\/saopaulostopover.com.br\/#\/schema\/logo\/image\/"}}]}},"_links":{"self":[{"href":"https:\/\/saopaulostopover.com.br\/index.php\/wp-json\/wp\/v2\/pages\/1115","targetHints":{"allow":["GET"]}}],"collection":[{"href":"https:\/\/saopaulostopover.com.br\/index.php\/wp-json\/wp\/v2\/pages"}],"about":[{"href":"https:\/\/saopaulostopover.com.br\/index.php\/wp-json\/wp\/v2\/types\/page"}],"author":[{"embeddable":true,"href":"https:\/\/saopaulostopover.com.br\/index.php\/wp-json\/wp\/v2\/users\/1"}],"replies":[{"embeddable":true,"href":"https:\/\/saopaulostopover.com.br\/index.php\/wp-json\/wp\/v2\/comments?post=1115"}],"version-history":[{"count":4,"href":"https:\/\/saopaulostopover.com.br\/index.php\/wp-json\/wp\/v2\/pages\/1115\/revisions"}],"predecessor-version":[{"id":1896,"href":"https:\/\/saopaulostopover.com.br\/index.php\/wp-json\/wp\/v2\/pages\/1115\/revisions\/1896"}],"up":[{"embeddable":true,"href":"https:\/\/saopaulostopover.com.br\/index.php\/wp-json\/wp\/v2\/pages\/351"}],"wp:attachment":[{"href":"https:\/\/saopaulostopover.com.br\/index.php\/wp-json\/wp\/v2\/media?parent=1115"}],"curies":[{"name":"wp","href":"https:\/\/api.w.org\/{rel}","templated":true}]}}