{"id":77,"date":"2023-10-24T21:40:11","date_gmt":"2023-10-25T00:40:11","guid":{"rendered":"https:\/\/saopaulostopover.com.br\/?page_id=77"},"modified":"2025-04-16T23:57:04","modified_gmt":"2025-04-17T02:57:04","slug":"sao-paulo-is-the-city","status":"publish","type":"page","link":"https:\/\/saopaulostopover.com.br\/index.php\/sao-paulo-is-the-city\/","title":{"rendered":"HOME"},"content":{"rendered":"\n<p class=\"has-medium-font-size\">As <strong>the largest city in Brazil<\/strong>, it&#8217;s a metropolis that pulses with a unique energy. At first glance, <strong>S\u00e3o Paulo is the city that works, that never sleeps, where many are drawn by opportunities<\/strong>. However, the city is not solely focused on the economy and business. It has a diverse and authentic cultural scene, offering gastronomy to suit all tastes and budgets, a recognized architectural tradition, and it&#8217;s a place that captivates all who visit.<\/p>\n\n\n\n<p class=\"has-medium-font-size\">As a tourist destination, other places in Brazil like Rio de Janeiro, the Amazon, and the Northeastern beaches are more internationally famous than S\u00e3o Paulo. These places have airports that receive international flights, but S\u00e3o Paulo is the primary hub for both domestic and international air travel. So, if S\u00e3o Paulo isn&#8217;t your initial main destination but your flight happens to have a layover in the city, you won&#8217;t regret taking some time to explore it.<\/p>\n\n\n\n<p class=\"has-medium-font-size\">However, if you&#8217;re genuinely interested in getting to know the city of S\u00e3o Paulo, be aware that there is no shortage of tourist attractions. In this space, we will showcase the city in much greater detail than standard tourist guides. <strong>There are tours of all kinds, catering to all tastes and budgets, covering a wide range of areas of interest.<\/strong><\/p>\n\n\n\n<div class=\"wp-block-columns is-layout-flex wp-container-core-columns-is-layout-2 wp-block-columns-is-layout-flex\">\n<div class=\"wp-block-column is-layout-flow wp-block-column-is-layout-flow\" style=\"flex-basis:100%\">\n<div class=\"wp-block-columns is-layout-flex wp-container-core-columns-is-layout-1 wp-block-columns-is-layout-flex\">\n<div class=\"wp-block-column is-layout-flow wp-block-column-is-layout-flow\" style=\"flex-basis:100%\">\n<figure class=\"wp-block-gallery has-nested-images columns-default is-cropped wp-block-gallery-1 is-layout-flex wp-block-gallery-is-layout-flex\">\n<figure class=\"wp-block-image size-full\"><img loading=\"lazy\" decoding=\"async\" width=\"612\" height=\"344\" src=\"https:\/\/saopaulostopover.com.br\/wp-content\/uploads\/2023\/11\/SPS-AV-PAULISTA-PEOPLE.jpg\" alt=\"\" class=\"wp-image-210\" srcset=\"https:\/\/saopaulostopover.com.br\/wp-content\/uploads\/2023\/11\/SPS-AV-PAULISTA-PEOPLE.jpg 612w, https:\/\/saopaulostopover.com.br\/wp-content\/uploads\/2023\/11\/SPS-AV-PAULISTA-PEOPLE-300x169.jpg 300w\" sizes=\"auto, (max-width: 612px) 100vw, 612px\" \/><figcaption class=\"wp-element-caption\">Paulista Avenue<\/figcaption><\/figure>\n\n\n\n<figure class=\"wp-block-image size-full\"><img loading=\"lazy\" decoding=\"async\" width=\"2560\" height=\"1707\" src=\"https:\/\/saopaulostopover.com.br\/wp-content\/uploads\/2023\/11\/SPS-PEXL-museu-masp-01-scaled.jpg\" alt=\"\" class=\"wp-image-255\" srcset=\"https:\/\/saopaulostopover.com.br\/wp-content\/uploads\/2023\/11\/SPS-PEXL-museu-masp-01-scaled.jpg 2560w, https:\/\/saopaulostopover.com.br\/wp-content\/uploads\/2023\/11\/SPS-PEXL-museu-masp-01-300x200.jpg 300w, https:\/\/saopaulostopover.com.br\/wp-content\/uploads\/2023\/11\/SPS-PEXL-museu-masp-01-1024x683.jpg 1024w, https:\/\/saopaulostopover.com.br\/wp-content\/uploads\/2023\/11\/SPS-PEXL-museu-masp-01-768x512.jpg 768w, https:\/\/saopaulostopover.com.br\/wp-content\/uploads\/2023\/11\/SPS-PEXL-museu-masp-01-1536x1024.jpg 1536w, https:\/\/saopaulostopover.com.br\/wp-content\/uploads\/2023\/11\/SPS-PEXL-museu-masp-01-2048x1365.jpg 2048w\" sizes=\"auto, (max-width: 2560px) 100vw, 2560px\" \/><figcaption class=\"wp-element-caption\">Masp &#8211; S\u00e3o Paulo Art Museum<\/figcaption><\/figure>\n\n\n\n<figure class=\"wp-block-image size-full\"><img loading=\"lazy\" decoding=\"async\" width=\"612\" height=\"408\" src=\"https:\/\/saopaulostopover.com.br\/wp-content\/uploads\/2023\/11\/SPS-MONUMENTO-AS-BANDEIRAS.jpg\" alt=\"\" class=\"wp-image-216\" srcset=\"https:\/\/saopaulostopover.com.br\/wp-content\/uploads\/2023\/11\/SPS-MONUMENTO-AS-BANDEIRAS.jpg 612w, https:\/\/saopaulostopover.com.br\/wp-content\/uploads\/2023\/11\/SPS-MONUMENTO-AS-BANDEIRAS-300x200.jpg 300w\" sizes=\"auto, (max-width: 612px) 100vw, 612px\" \/><figcaption class=\"wp-element-caption\">Flags Monument in Ibirapuera Park, <\/figcaption><\/figure>\n<\/figure>\n<\/div>\n<\/div>\n<\/div>\n<\/div>\n\n\n\n<figure class=\"wp-block-gallery has-nested-images columns-default is-cropped wp-block-gallery-2 is-layout-flex wp-block-gallery-is-layout-flex\">\n<figure class=\"wp-block-image size-large\"><img loading=\"lazy\" decoding=\"async\" width=\"1024\" height=\"683\" data-id=\"1085\" src=\"https:\/\/saopaulostopover.com.br\/wp-content\/uploads\/2023\/12\/SPS-Bairro-da-Liberdade-iStock-Dihandra-Pinheiro-1024x683.jpg\" alt=\"\" class=\"wp-image-1085\" srcset=\"https:\/\/saopaulostopover.com.br\/wp-content\/uploads\/2023\/12\/SPS-Bairro-da-Liberdade-iStock-Dihandra-Pinheiro-1024x683.jpg 1024w, https:\/\/saopaulostopover.com.br\/wp-content\/uploads\/2023\/12\/SPS-Bairro-da-Liberdade-iStock-Dihandra-Pinheiro-300x200.jpg 300w, https:\/\/saopaulostopover.com.br\/wp-content\/uploads\/2023\/12\/SPS-Bairro-da-Liberdade-iStock-Dihandra-Pinheiro-768x512.jpg 768w, https:\/\/saopaulostopover.com.br\/wp-content\/uploads\/2023\/12\/SPS-Bairro-da-Liberdade-iStock-Dihandra-Pinheiro.jpg 1254w\" sizes=\"auto, (max-width: 1024px) 100vw, 1024px\" \/><figcaption class=\"wp-element-caption\">Liberdade Street neighborhood. Japanese Neighborhood <\/figcaption><\/figure>\n\n\n\n<figure class=\"wp-block-image size-large\"><img loading=\"lazy\" decoding=\"async\" width=\"1024\" height=\"671\" data-id=\"1044\" src=\"https:\/\/saopaulostopover.com.br\/wp-content\/uploads\/2024\/01\/SPS-PBAY-ibirapuera-lake-1024x671.jpg\" alt=\"\" class=\"wp-image-1044\"\/><figcaption class=\"wp-element-caption\">Ibirapuera Park<\/figcaption><\/figure>\n\n\n\n<figure class=\"wp-block-image size-large\"><img loading=\"lazy\" decoding=\"async\" width=\"1024\" height=\"729\" data-id=\"252\" src=\"https:\/\/saopaulostopover.com.br\/wp-content\/uploads\/2023\/11\/SPS-PEXL-marginal-01-1024x729.jpeg\" alt=\"\" class=\"wp-image-252\" srcset=\"https:\/\/saopaulostopover.com.br\/wp-content\/uploads\/2023\/11\/SPS-PEXL-marginal-01-1024x729.jpeg 1024w, https:\/\/saopaulostopover.com.br\/wp-content\/uploads\/2023\/11\/SPS-PEXL-marginal-01-300x214.jpeg 300w, https:\/\/saopaulostopover.com.br\/wp-content\/uploads\/2023\/11\/SPS-PEXL-marginal-01-768x547.jpeg 768w, https:\/\/saopaulostopover.com.br\/wp-content\/uploads\/2023\/11\/SPS-PEXL-marginal-01.jpeg 1053w\" sizes=\"auto, (max-width: 1024px) 100vw, 1024px\" \/><figcaption class=\"wp-element-caption\">Estaiada Bridge<\/figcaption><\/figure>\n<\/figure>\n\n\n\n<figure class=\"wp-block-gallery has-nested-images columns-default is-cropped wp-block-gallery-3 is-layout-flex wp-block-gallery-is-layout-flex\">\n<figure class=\"wp-block-image size-large\"><img loading=\"lazy\" decoding=\"async\" width=\"861\" height=\"675\" data-id=\"1789\" src=\"https:\/\/saopaulostopover.com.br\/wp-content\/uploads\/2024\/08\/SPS-ITAU-BBA-FARIA-LIMA_iStock-910662522.jpg\" alt=\"\" class=\"wp-image-1789\" srcset=\"https:\/\/saopaulostopover.com.br\/wp-content\/uploads\/2024\/08\/SPS-ITAU-BBA-FARIA-LIMA_iStock-910662522.jpg 861w, https:\/\/saopaulostopover.com.br\/wp-content\/uploads\/2024\/08\/SPS-ITAU-BBA-FARIA-LIMA_iStock-910662522-300x235.jpg 300w, https:\/\/saopaulostopover.com.br\/wp-content\/uploads\/2024\/08\/SPS-ITAU-BBA-FARIA-LIMA_iStock-910662522-768x602.jpg 768w, https:\/\/saopaulostopover.com.br\/wp-content\/uploads\/2024\/08\/SPS-ITAU-BBA-FARIA-LIMA_iStock-910662522-850x666.jpg 850w\" sizes=\"auto, (max-width: 861px) 100vw, 861px\" \/><figcaption class=\"wp-element-caption\">Faria Lima Avenue<\/figcaption><\/figure>\n\n\n\n<figure class=\"wp-block-image size-large\"><img loading=\"lazy\" decoding=\"async\" width=\"1024\" height=\"633\" data-id=\"1052\" src=\"https:\/\/saopaulostopover.com.br\/wp-content\/uploads\/2024\/01\/SPS-PEXL-morumbi-stadium-1024x633.jpeg\" alt=\"\" class=\"wp-image-1052\" srcset=\"https:\/\/saopaulostopover.com.br\/wp-content\/uploads\/2024\/01\/SPS-PEXL-morumbi-stadium-1024x633.jpeg 1024w, https:\/\/saopaulostopover.com.br\/wp-content\/uploads\/2024\/01\/SPS-PEXL-morumbi-stadium-300x185.jpeg 300w, https:\/\/saopaulostopover.com.br\/wp-content\/uploads\/2024\/01\/SPS-PEXL-morumbi-stadium-768x475.jpeg 768w, https:\/\/saopaulostopover.com.br\/wp-content\/uploads\/2024\/01\/SPS-PEXL-morumbi-stadium.jpeg 1147w\" sizes=\"auto, (max-width: 1024px) 100vw, 1024px\" \/><figcaption class=\"wp-element-caption\">Morumbi Stadium<\/figcaption><\/figure>\n\n\n\n<figure class=\"wp-block-image size-large\"><img loading=\"lazy\" decoding=\"async\" width=\"1024\" height=\"526\" data-id=\"908\" src=\"https:\/\/saopaulostopover.com.br\/wp-content\/uploads\/2024\/01\/SPS-PateoColegio-istock-diegograndi--1024x526.jpg\" alt=\"\" class=\"wp-image-908\" srcset=\"https:\/\/saopaulostopover.com.br\/wp-content\/uploads\/2024\/01\/SPS-PateoColegio-istock-diegograndi--1024x526.jpg 1024w, https:\/\/saopaulostopover.com.br\/wp-content\/uploads\/2024\/01\/SPS-PateoColegio-istock-diegograndi--300x154.jpg 300w, https:\/\/saopaulostopover.com.br\/wp-content\/uploads\/2024\/01\/SPS-PateoColegio-istock-diegograndi--768x395.jpg 768w, https:\/\/saopaulostopover.com.br\/wp-content\/uploads\/2024\/01\/SPS-PateoColegio-istock-diegograndi-.jpg 1428w\" sizes=\"auto, (max-width: 1024px) 100vw, 1024px\" \/><figcaption class=\"wp-element-caption\">Pateo do Colegio in Downtown <\/figcaption><\/figure>\n<\/figure>\n\n\n\n<p><\/p>\n","protected":false},"excerpt":{"rendered":"<p>As the largest city in Brazil, it&#8217;s a metropolis that pulses with a unique energy&#8230;.<\/p>\n","protected":false},"author":1,"featured_media":0,"parent":0,"menu_order":0,"comment_status":"closed","ping_status":"closed","template":"","meta":{"footnotes":""},"class_list":["post-77","page","type-page","status-publish","hentry"],"yoast_head":"<!-- This site is optimized with the Yoast SEO plugin v22.4 - https:\/\/yoast.com\/wordpress\/plugins\/seo\/ -->\n<title>Sao Paulo Stopover<\/title>\n<meta name=\"description\" content=\"Sao Paulo has a rich cultural scene, offering gastronomy to suit all tastes and budgets, a recognized architectural tradition, and it&#039;s a place that captivates all who visit.\" \/>\n<meta name=\"robots\" content=\"index, follow, max-snippet:-1, max-image-preview:large, max-video-preview:-1\" \/>\n<link rel=\"canonical\" href=\"https:\/\/saopaulostopover.com.br\/index.php\/sao-paulo-is-the-city\/\" \/>\n<meta property=\"og:locale\" content=\"en_US\" \/>\n<meta property=\"og:type\" content=\"article\" \/>\n<meta property=\"og:title\" content=\"Sao Paulo Stopover\" \/>\n<meta property=\"og:description\" content=\"Sao Paulo has a rich cultural scene, offering gastronomy to suit all tastes and budgets, a recognized architectural tradition, and it&#039;s a place that captivates all who visit.\" \/>\n<meta property=\"og:url\" content=\"https:\/\/saopaulostopover.com.br\/index.php\/sao-paulo-is-the-city\/\" \/>\n<meta property=\"og:site_name\" content=\"Sao Paulo Stopover\" \/>\n<meta property=\"article:modified_time\" content=\"2025-04-17T02:57:04+00:00\" \/>\n<meta property=\"og:image\" content=\"https:\/\/saopaulostopover.com.br\/wp-content\/uploads\/2023\/11\/SPS-AV-PAULISTA-PEOPLE.jpg\" \/>\n<meta name=\"twitter:card\" content=\"summary_large_image\" \/>\n<meta name=\"twitter:label1\" content=\"Est. reading time\" \/>\n\t<meta name=\"twitter:data1\" content=\"3 minutes\" \/>\n<script type=\"application\/ld+json\" class=\"yoast-schema-graph\">{\"@context\":\"https:\/\/schema.org\",\"@graph\":[{\"@type\":\"WebPage\",\"@id\":\"https:\/\/saopaulostopover.com.br\/index.php\/sao-paulo-is-the-city\/\",\"url\":\"https:\/\/saopaulostopover.com.br\/index.php\/sao-paulo-is-the-city\/\",\"name\":\"Sao Paulo Stopover\",\"isPartOf\":{\"@id\":\"https:\/\/saopaulostopover.com.br\/#website\"},\"primaryImageOfPage\":{\"@id\":\"https:\/\/saopaulostopover.com.br\/index.php\/sao-paulo-is-the-city\/#primaryimage\"},\"image\":{\"@id\":\"https:\/\/saopaulostopover.com.br\/index.php\/sao-paulo-is-the-city\/#primaryimage\"},\"thumbnailUrl\":\"https:\/\/saopaulostopover.com.br\/wp-content\/uploads\/2023\/11\/SPS-AV-PAULISTA-PEOPLE.jpg\",\"datePublished\":\"2023-10-25T00:40:11+00:00\",\"dateModified\":\"2025-04-17T02:57:04+00:00\",\"description\":\"Sao Paulo has a rich cultural scene, offering gastronomy to suit all tastes and budgets, a recognized architectural tradition, and it's a place that captivates all who visit.\",\"breadcrumb\":{\"@id\":\"https:\/\/saopaulostopover.com.br\/index.php\/sao-paulo-is-the-city\/#breadcrumb\"},\"inLanguage\":\"en-US\",\"potentialAction\":[{\"@type\":\"ReadAction\",\"target\":[\"https:\/\/saopaulostopover.com.br\/index.php\/sao-paulo-is-the-city\/\"]}]},{\"@type\":\"ImageObject\",\"inLanguage\":\"en-US\",\"@id\":\"https:\/\/saopaulostopover.com.br\/index.php\/sao-paulo-is-the-city\/#primaryimage\",\"url\":\"https:\/\/saopaulostopover.com.br\/wp-content\/uploads\/2023\/11\/SPS-AV-PAULISTA-PEOPLE.jpg\",\"contentUrl\":\"https:\/\/saopaulostopover.com.br\/wp-content\/uploads\/2023\/11\/SPS-AV-PAULISTA-PEOPLE.jpg\",\"width\":612,\"height\":344,\"caption\":\"People on crosswalk. Blurred image.\"},{\"@type\":\"BreadcrumbList\",\"@id\":\"https:\/\/saopaulostopover.com.br\/index.php\/sao-paulo-is-the-city\/#breadcrumb\",\"itemListElement\":[{\"@type\":\"ListItem\",\"position\":1,\"name\":\"In\u00edcio\",\"item\":\"https:\/\/saopaulostopover.com.br\/\"},{\"@type\":\"ListItem\",\"position\":2,\"name\":\"HOME\"}]},{\"@type\":\"WebSite\",\"@id\":\"https:\/\/saopaulostopover.com.br\/#website\",\"url\":\"https:\/\/saopaulostopover.com.br\/\",\"name\":\"Sao Paulo Stopover\",\"description\":\".................  Welcome to the largest city in South America | Sao Paulo - Brazil  .....................\",\"publisher\":{\"@id\":\"https:\/\/saopaulostopover.com.br\/#organization\"},\"potentialAction\":[{\"@type\":\"SearchAction\",\"target\":{\"@type\":\"EntryPoint\",\"urlTemplate\":\"https:\/\/saopaulostopover.com.br\/?s={search_term_string}\"},\"query-input\":\"required name=search_term_string\"}],\"inLanguage\":\"en-US\"},{\"@type\":\"Organization\",\"@id\":\"https:\/\/saopaulostopover.com.br\/#organization\",\"name\":\"Sao Paulo Stopover\",\"url\":\"https:\/\/saopaulostopover.com.br\/\",\"logo\":{\"@type\":\"ImageObject\",\"inLanguage\":\"en-US\",\"@id\":\"https:\/\/saopaulostopover.com.br\/#\/schema\/logo\/image\/\",\"url\":\"https:\/\/saopaulostopover.com.br\/wp-content\/uploads\/2023\/10\/cropped-cropped-cropped-cropped-cropped-cropped-cropped-cropped-cropped-LOGO-SAOPAULOSTOPOVER-op4-e1700191345649.jpg\",\"contentUrl\":\"https:\/\/saopaulostopover.com.br\/wp-content\/uploads\/2023\/10\/cropped-cropped-cropped-cropped-cropped-cropped-cropped-cropped-cropped-LOGO-SAOPAULOSTOPOVER-op4-e1700191345649.jpg\",\"width\":507,\"height\":507,\"caption\":\"Sao Paulo Stopover\"},\"image\":{\"@id\":\"https:\/\/saopaulostopover.com.br\/#\/schema\/logo\/image\/\"}}]}<\/script>\n<!-- \/ Yoast SEO plugin. -->","yoast_head_json":{"title":"Sao Paulo Stopover","description":"Sao Paulo has a rich cultural scene, offering gastronomy to suit all tastes and budgets, a recognized architectural tradition, and it's a place that captivates all who visit.","robots":{"index":"index","follow":"follow","max-snippet":"max-snippet:-1","max-image-preview":"max-image-preview:large","max-video-preview":"max-video-preview:-1"},"canonical":"https:\/\/saopaulostopover.com.br\/index.php\/sao-paulo-is-the-city\/","og_locale":"en_US","og_type":"article","og_title":"Sao Paulo Stopover","og_description":"Sao Paulo has a rich cultural scene, offering gastronomy to suit all tastes and budgets, a recognized architectural tradition, and it's a place that captivates all who visit.","og_url":"https:\/\/saopaulostopover.com.br\/index.php\/sao-paulo-is-the-city\/","og_site_name":"Sao Paulo Stopover","article_modified_time":"2025-04-17T02:57:04+00:00","og_image":[{"url":"https:\/\/saopaulostopover.com.br\/wp-content\/uploads\/2023\/11\/SPS-AV-PAULISTA-PEOPLE.jpg"}],"twitter_card":"summary_large_image","twitter_misc":{"Est. reading time":"3 minutes"},"schema":{"@context":"https:\/\/schema.org","@graph":[{"@type":"WebPage","@id":"https:\/\/saopaulostopover.com.br\/index.php\/sao-paulo-is-the-city\/","url":"https:\/\/saopaulostopover.com.br\/index.php\/sao-paulo-is-the-city\/","name":"Sao Paulo Stopover","isPartOf":{"@id":"https:\/\/saopaulostopover.com.br\/#website"},"primaryImageOfPage":{"@id":"https:\/\/saopaulostopover.com.br\/index.php\/sao-paulo-is-the-city\/#primaryimage"},"image":{"@id":"https:\/\/saopaulostopover.com.br\/index.php\/sao-paulo-is-the-city\/#primaryimage"},"thumbnailUrl":"https:\/\/saopaulostopover.com.br\/wp-content\/uploads\/2023\/11\/SPS-AV-PAULISTA-PEOPLE.jpg","datePublished":"2023-10-25T00:40:11+00:00","dateModified":"2025-04-17T02:57:04+00:00","description":"Sao Paulo has a rich cultural scene, offering gastronomy to suit all tastes and budgets, a recognized architectural tradition, and it's a place that captivates all who visit.","breadcrumb":{"@id":"https:\/\/saopaulostopover.com.br\/index.php\/sao-paulo-is-the-city\/#breadcrumb"},"inLanguage":"en-US","potentialAction":[{"@type":"ReadAction","target":["https:\/\/saopaulostopover.com.br\/index.php\/sao-paulo-is-the-city\/"]}]},{"@type":"ImageObject","inLanguage":"en-US","@id":"https:\/\/saopaulostopover.com.br\/index.php\/sao-paulo-is-the-city\/#primaryimage","url":"https:\/\/saopaulostopover.com.br\/wp-content\/uploads\/2023\/11\/SPS-AV-PAULISTA-PEOPLE.jpg","contentUrl":"https:\/\/saopaulostopover.com.br\/wp-content\/uploads\/2023\/11\/SPS-AV-PAULISTA-PEOPLE.jpg","width":612,"height":344,"caption":"People on crosswalk. Blurred image."},{"@type":"BreadcrumbList","@id":"https:\/\/saopaulostopover.com.br\/index.php\/sao-paulo-is-the-city\/#breadcrumb","itemListElement":[{"@type":"ListItem","position":1,"name":"In\u00edcio","item":"https:\/\/saopaulostopover.com.br\/"},{"@type":"ListItem","position":2,"name":"HOME"}]},{"@type":"WebSite","@id":"https:\/\/saopaulostopover.com.br\/#website","url":"https:\/\/saopaulostopover.com.br\/","name":"Sao Paulo Stopover","description":".................  Welcome to the largest city in South America | Sao Paulo - Brazil  .....................","publisher":{"@id":"https:\/\/saopaulostopover.com.br\/#organization"},"potentialAction":[{"@type":"SearchAction","target":{"@type":"EntryPoint","urlTemplate":"https:\/\/saopaulostopover.com.br\/?s={search_term_string}"},"query-input":"required name=search_term_string"}],"inLanguage":"en-US"},{"@type":"Organization","@id":"https:\/\/saopaulostopover.com.br\/#organization","name":"Sao Paulo Stopover","url":"https:\/\/saopaulostopover.com.br\/","logo":{"@type":"ImageObject","inLanguage":"en-US","@id":"https:\/\/saopaulostopover.com.br\/#\/schema\/logo\/image\/","url":"https:\/\/saopaulostopover.com.br\/wp-content\/uploads\/2023\/10\/cropped-cropped-cropped-cropped-cropped-cropped-cropped-cropped-cropped-LOGO-SAOPAULOSTOPOVER-op4-e1700191345649.jpg","contentUrl":"https:\/\/saopaulostopover.com.br\/wp-content\/uploads\/2023\/10\/cropped-cropped-cropped-cropped-cropped-cropped-cropped-cropped-cropped-LOGO-SAOPAULOSTOPOVER-op4-e1700191345649.jpg","width":507,"height":507,"caption":"Sao Paulo Stopover"},"image":{"@id":"https:\/\/saopaulostopover.com.br\/#\/schema\/logo\/image\/"}}]}},"_links":{"self":[{"href":"https:\/\/saopaulostopover.com.br\/index.php\/wp-json\/wp\/v2\/pages\/77","targetHints":{"allow":["GET"]}}],"collection":[{"href":"https:\/\/saopaulostopover.com.br\/index.php\/wp-json\/wp\/v2\/pages"}],"about":[{"href":"https:\/\/saopaulostopover.com.br\/index.php\/wp-json\/wp\/v2\/types\/page"}],"author":[{"embeddable":true,"href":"https:\/\/saopaulostopover.com.br\/index.php\/wp-json\/wp\/v2\/users\/1"}],"replies":[{"embeddable":true,"href":"https:\/\/saopaulostopover.com.br\/index.php\/wp-json\/wp\/v2\/comments?post=77"}],"version-history":[{"count":24,"href":"https:\/\/saopaulostopover.com.br\/index.php\/wp-json\/wp\/v2\/pages\/77\/revisions"}],"predecessor-version":[{"id":2089,"href":"https:\/\/saopaulostopover.com.br\/index.php\/wp-json\/wp\/v2\/pages\/77\/revisions\/2089"}],"wp:attachment":[{"href":"https:\/\/saopaulostopover.com.br\/index.php\/wp-json\/wp\/v2\/media?parent=77"}],"curies":[{"name":"wp","href":"https:\/\/api.w.org\/{rel}","templated":true}]}}